{"id":7,"date":"2015-04-20T18:18:39","date_gmt":"2015-04-20T16:18:39","guid":{"rendered":"http:\/\/www.bowtech-praxis-bamberg.de\/?page_id=7"},"modified":"2016-03-19T20:24:48","modified_gmt":"2016-03-19T20:24:48","slug":"hallo-welt","status":"publish","type":"page","link":"https:\/\/www.bowtech-praxis-bamberg.de\/?page_id=7","title":{"rendered":"Was ist BOWTECH"},"content":{"rendered":"<p>BOWTECH<sup>\u00ae<\/sup> versteht sich als ein eigenst\u00e4ndiges,\u00a0 dynamisches System einer\u00a0 ganzheitlichen Muskel- und Bindegewebsanwendung. Sie ist eine spezifische neuromuskul\u00e4r wirkende Methode, die prim\u00e4r \u00fcber das Nervensystem auf struktureller und muskul\u00e4rer Ebene arbeitet und den ganzen K\u00f6rper adressiert.<\/p>\n<p>Die Bowen-Technik ist ein vollst\u00e4ndig neues Konzept in der manuellen K\u00f6rperarbeit und besticht durch Einfachheit, Effektivit\u00e4t und Nachhaltigkeit. Im Gegensatz zu vielen anderen Techniken, die am Gewebe arbeiten, setzt BOWTECH<sup>\u00ae<\/sup> sanfte, nicht invasive Impulse, die dem K\u00f6rper dazu verhelfen, sich zu entspannen. Nicht der Bowtech-Anwender (Practitioner) \u00fcbernimmt die K\u00f6rperarbeit, sondern der K\u00f6rper wird dazu angeregt, die Arbeit selbst zu \u00fcbernehmen.<\/p>\n<p>Die Impulse der Bowtech-Griffe wirken auf das Autonome Nervensystem und f\u00fchren zu einer strukturellen und funktionellen Neuorientierung. Die an unterschiedlichen Gewebetypen ansetzenden, pr\u00e4zisen Griffe sind eine quer zum Faserverlauf durchgef\u00fchrte Stimulation. Nach jedem Griff zieht sich der Practitioner zur\u00fcck, um dem K\u00f6rper Zeit zu geben, die Information aufzunehmen und umzusetzen.<\/p>\n<p>Gesundheit, Integration und Harmonie sind als wesentliche Begriffe und Ziel von BOWTECH<sup>\u00ae<\/sup> im ganzheitlichen Sinn zu verstehen. BOWTECH<sup>\u00ae<\/sup> ist ein Verfahren, das in seinen Prinzipien vielfach mit traditionellen, alternativen und komplement\u00e4ren Verfahren korrespondiert.<\/p>\n","protected":false},"excerpt":{"rendered":"<p>BOWTECH\u00ae versteht sich als ein eigenst\u00e4ndiges,\u00a0 dynamisches System einer\u00a0 ganzheitlichen Muskel- und Bindegewebsanwendung. Sie ist eine spezifische neuromuskul\u00e4r wirkende Methode, die prim\u00e4r \u00fcber das Nervensystem auf struktureller und muskul\u00e4rer Ebene arbeitet und den ganzen K\u00f6rper adressiert. Die Bowen-Technik ist ein vollst\u00e4ndig neues Konzept in der manuellen K\u00f6rperarbeit und besticht durch Einfachheit, Effektivit\u00e4t und Nachhaltigkeit. Im &hellip; <a href=\"https:\/\/www.bowtech-praxis-bamberg.de\/?page_id=7\" class=\"more-link\"><span class=\"screen-reader-text\">Was ist BOWTECH<\/span> weiterlesen<\/a><\/p>\n","protected":false},"author":2,"featured_media":0,"parent":0,"menu_order":0,"comment_status":"closed","ping_status":"open","template":"","meta":[],"_links":{"self":[{"href":"https:\/\/www.bowtech-praxis-bamberg.de\/index.php?rest_route=\/wp\/v2\/pages\/7"}],"collection":[{"href":"https:\/\/www.bowtech-praxis-bamberg.de\/index.php?rest_route=\/wp\/v2\/pages"}],"about":[{"href":"https:\/\/www.bowtech-praxis-bamberg.de\/index.php?rest_route=\/wp\/v2\/types\/page"}],"author":[{"embeddable":true,"href":"https:\/\/www.bowtech-praxis-bamberg.de\/index.php?rest_route=\/wp\/v2\/users\/2"}],"replies":[{"embeddable":true,"href":"https:\/\/www.bowtech-praxis-bamberg.de\/index.php?rest_route=%2Fwp%2Fv2%2Fcomments&post=7"}],"version-history":[{"count":2,"href":"https:\/\/www.bowtech-praxis-bamberg.de\/index.php?rest_route=\/wp\/v2\/pages\/7\/revisions"}],"predecessor-version":[{"id":233,"href":"https:\/\/www.bowtech-praxis-bamberg.de\/index.php?rest_route=\/wp\/v2\/pages\/7\/revisions\/233"}],"wp:attachment":[{"href":"https:\/\/www.bowtech-praxis-bamberg.de\/index.php?rest_route=%2Fwp%2Fv2%2Fmedia&parent=7"}],"curies":[{"name":"wp","href":"https:\/\/api.w.org\/{rel}","templated":true}]}}