{"id":45,"date":"2015-04-25T20:55:46","date_gmt":"2015-04-25T18:55:46","guid":{"rendered":"http:\/\/www.bowtech-praxis-bamberg.de\/?page_id=45"},"modified":"2015-04-25T20:55:46","modified_gmt":"2015-04-25T18:55:46","slug":"was-bowtech-nicht-ist","status":"publish","type":"page","link":"https:\/\/www.bowtech-praxis-bamberg.de\/?page_id=45","title":{"rendered":"Was BOWTECH nicht ist"},"content":{"rendered":"<p><strong>Was Bowtech NICHT ist<\/strong><\/p>\n<p class=\"Text12\" align=\"left\">1. BOWTECH ist keine Massage. Reiben oder auch schon l\u00e4ngeres Ber\u00fchren eines bestimmten Bereiches kurz nach einer\u00a0 BOWEN Anwendung\u00a0\u00a0 k\u00f6nnen ihre Wirkung st\u00f6ren. Die Griffe beschr\u00e4nken sich auf die obere Gewebeschicht, gehen nicht tiefer als zur Muskelhaut oberfl\u00e4chlicher Muskeln und erfordern nur einen sanften Druck.<\/p>\n<p class=\"Text12\" align=\"left\">2. BOWTECH ist keine Akupressur. Einige der betroffenen Bereiche fallen mit Akupressur &#8211; Punkten zusammen, da diese so zahlreich sind, BOWTECH ist jedoch keine Akupressur.<\/p>\n<p class=\"Text12\" align=\"left\">3. BOWTECH ist keine Chiropraktik. BOWTECH hat KEINEN Einfluss auf das Knochengewebe. Die meisten Therapeuten, Anwender und viele Klienten bemerken jedoch Ver\u00e4nderungen des St\u00fctzapparates und\u00a0der Wirbels\u00e4ule, was Beweis daf\u00fcr ist, dass der K\u00f6rper sich selbst ausrichtet.<\/p>\n<p class=\"Text12\" align=\"left\">4. BOWTECH ist Energiearbeit, allerdings keine ausrichtende Energiearbeit\u00a0. Manche Methoden der Energetischen Arbeit werden dem K\u00f6rper aufgedr\u00e4ngt und sind ausschlie\u00dflich auf das Endergebnis ausgerichtet, das mit dem Bed\u00fcrfnis des Patienten \u00fcbereinstimmen kann oder auch nicht. Im Gegensatz dazu wird BOWTECH &#8211; Anwendern geraten, sich nur gezielt auf den bestimmten Griff zu konzentrieren und dann das Zimmer zu verlassen.<\/p>\n<p class=\"Text12\" align=\"left\">5. BOWTECH ist keine Physiotherapie oder neuromuskul\u00e4re Umerziehung. Physiotherapie richtet sich an den Patienten mit einer Vielzahl von \u00dcbungen und Therapien, welche sich auf spezifische Probleme beschr\u00e4nken. Es wird angenommen, dass die Resultate durch die Techniken selbst erzeugt werden. Im Gegensatz dazu ist BOWTECH eine Folge von pr\u00e4zisen Griffen, von denen man annimmt, dass sie den K\u00f6rper anregen, sich selbst zu heilen.<\/p>\n<p class=\"Text12\" align=\"left\">6. BOWTECH ist keine Triggerpoint &#8211; Therapie. Einige Punkte sind unumg\u00e4nglicher Weise dieselben; die meisten Triggerpoints befinden sich jedoch im Zentrum des Muskels, w\u00e4hrend BOWTECH &#8211; Griffe meistens dort\u00a0ausgef\u00fchrt\u00a0werden, wo sich zwei Muskeln befinden oder wo Muskelgruppen sich \u00fcberlagern.<\/p>\n<p class=\"Text12\" align=\"left\">7. BOWTECH ist keine Therapie der Muskelhaut &#8211; Entlastung. Die Muskelhaut wird zwar mit jedem Griff der BOWTECH ganz geringf\u00fcgig gereizt, wird aber nicht eindringlich bearbeitet. Der durch die BOWEN-Anwendung\u00a0stimulierte nat\u00fcrliche Selbstheilungsprozess kann nach einer Behandlungsserie Verklebungen l\u00f6sen und das Gewebe entspannen.<\/p>\n<p class=\"Text12\" align=\"left\">8. BOWTECH ist keine Lymphmassage. BOWTECH stimuliert die Freisetzung von Lymphfl\u00fcssigkeit. Es ist m\u00f6glich, dass sich die Nebenh\u00f6hlen w\u00e4hrend einer Sitzung entleeren k\u00f6nnen. Au\u00dferdem wird berichtet, dass sich Brustknoten innerhalb von zwei Wochen verkleinern. BOWTECH jedoch wendet weder kraftvolles Glattstreichen noch Lymphdrainage an.<\/p>\n<p class=\"Text12\" align=\"left\">9. BOWTECH ist keine Ma\u00dfnahme, welche Gef\u00fchle freisetzt. Es ist nie die Absicht einer BOWTECH &#8211; Anwendung Gef\u00fchle freizusetzen. Es wird jedoch vielfach berichtet, dass das erstaunlichste Ergebnis der Behandlung eine seelische Erleichterung sowie eine feine, aber gleichzeitig durchdringende Blickrichtung auf gest\u00f6rte Gef\u00fchlsmuster bewirkt. Viele Therapeuten konzentrieren sich deshalb bewusst auf das Zusammenspiel zwischen physischen und emotionalen Aspekten, um zu ergr\u00fcnden, was sich hinter einem Schutzwall von verspannter Muskulatur verbirgt. BOWTECH ist Beispiel daf\u00fcr, dass der beste Zugang durch die am wenigsten aggressive Vorgehensweise gewonnen wird.<\/p>\n<p class=\"Text12\" align=\"left\">BOWTECH ist eine Methode, die derzeit wissenschaftlich nicht anerkannt ist. Sie ersetzt daher auch keinesfalls den Arztbesuch oder Besuch des Physiotherapeuten oder Masseurs etc. Sie ist auch keine Heilbehandlung oder Behandlung von krankheitswerten Zust\u00e4nden.<\/p>\n<p class=\"Text8\"><span style=\"color: #000000;\">\u00a9 Manfred Zainzinger\u00ae Seniorinstructor, http:\/\/www.bowen-akademie.com<\/span><\/p>\n<p class=\"Text8\"><em>Quelle: http:\/\/www.bowen-akademie.com\/crbst_61.html<\/em><\/p>\n","protected":false},"excerpt":{"rendered":"<p>Was Bowtech NICHT ist 1. BOWTECH ist keine Massage. Reiben oder auch schon l\u00e4ngeres Ber\u00fchren eines bestimmten Bereiches kurz nach einer\u00a0 BOWEN Anwendung\u00a0\u00a0 k\u00f6nnen ihre Wirkung st\u00f6ren. Die Griffe beschr\u00e4nken sich auf die obere Gewebeschicht, gehen nicht tiefer als zur Muskelhaut oberfl\u00e4chlicher Muskeln und erfordern nur einen sanften Druck. 2. BOWTECH ist keine Akupressur. Einige &hellip; <a href=\"https:\/\/www.bowtech-praxis-bamberg.de\/?page_id=45\" class=\"more-link\"><span class=\"screen-reader-text\">Was BOWTECH nicht ist<\/span> weiterlesen<\/a><\/p>\n","protected":false},"author":2,"featured_media":0,"parent":0,"menu_order":0,"comment_status":"closed","ping_status":"open","template":"","meta":[],"_links":{"self":[{"href":"https:\/\/www.bowtech-praxis-bamberg.de\/index.php?rest_route=\/wp\/v2\/pages\/45"}],"collection":[{"href":"https:\/\/www.bowtech-praxis-bamberg.de\/index.php?rest_route=\/wp\/v2\/pages"}],"about":[{"href":"https:\/\/www.bowtech-praxis-bamberg.de\/index.php?rest_route=\/wp\/v2\/types\/page"}],"author":[{"embeddable":true,"href":"https:\/\/www.bowtech-praxis-bamberg.de\/index.php?rest_route=\/wp\/v2\/users\/2"}],"replies":[{"embeddable":true,"href":"https:\/\/www.bowtech-praxis-bamberg.de\/index.php?rest_route=%2Fwp%2Fv2%2Fcomments&post=45"}],"version-history":[{"count":0,"href":"https:\/\/www.bowtech-praxis-bamberg.de\/index.php?rest_route=\/wp\/v2\/pages\/45\/revisions"}],"wp:attachment":[{"href":"https:\/\/www.bowtech-praxis-bamberg.de\/index.php?rest_route=%2Fwp%2Fv2%2Fmedia&parent=45"}],"curies":[{"name":"wp","href":"https:\/\/api.w.org\/{rel}","templated":true}]}}