{"id":122,"date":"2015-05-25T13:15:00","date_gmt":"2015-05-25T11:15:00","guid":{"rendered":"http:\/\/www.bowtech-praxis-bamberg.de\/?page_id=122"},"modified":"2016-03-19T20:20:27","modified_gmt":"2016-03-19T20:20:27","slug":"die-anwendung","status":"publish","type":"page","link":"https:\/\/www.bowtech-praxis-bamberg.de\/?page_id=122","title":{"rendered":"Die Anwendung"},"content":{"rendered":"<p><span style=\"color: #993300;\"><strong>Wie verl\u00e4uft eine Bowtech-Anwendung ?<\/strong><\/span><\/p>\n<p><span style=\"color: #666699;\">Anamnesegespr\u00e4ch<\/span><\/p>\n<p>Zur Dokumentation des Gesamtzustandes f\u00fchre ich zu Beginn ein Anamnesegespr\u00e4ch mit jedem Klienten. Dabei definiert jeder selbst mit eignen Worten, wie er seinen Zustand einsch\u00e4tzt. Dies bildet die Ausgangslage, an der der Klient im sp\u00e4teren Verlauf\u00a0 \u00c4nderungen seines Wohlbefindens messen und selbst feststellen kann.<\/p>\n<p><span style=\"color: #666699;\">Anwendung<\/span><\/p>\n<p>Nun beginnen wir auf einer Massageliege mit der Anwendung. Ist ein bequemes Liegen nicht m\u00f6glich, k\u00f6nnen die Griffe auch im Sitzen oder Stehen durchgef\u00fchrt werden.<\/p>\n<p>Es wird eine Serie sanfter, pr\u00e4ziser Griffe an speziellen Punkten des K\u00f6rpers durchgef\u00fchrt. Zwischen den Griffen sind Pausen von mindestens 2 Minuten notwendig um dem K\u00f6rper die Zeit zu geben die Informationen aufzunehmen und umzusetzen.<\/p>\n<p>W\u00e4hrend der Pausen zieht sich der Practitioner zur\u00fcck, damit der Klient sich entspannen kann ohne das Gef\u00fchl zu haben ein Gespr\u00e4ch f\u00fchren zu m\u00fcssen oder beobachtet zu werden.<\/p>\n<p>Eine BOWTECH-Anwendung dauert gew\u00f6hnlich 40 bis 60 Minuten, je nachdem wie viele Impulse das Gesamtsystem des Klienten verarbeiten kann. Die n\u00e4chste Anwendung sollte fr\u00fchestens f\u00fcnf Tage sp\u00e4ter erfolgen, ideal sind sieben Tage Abstand. In der Zeit dazwischen \u201carbeitet\u201d der K\u00f6rper.<\/p>\n<p>&nbsp;<\/p>\n","protected":false},"excerpt":{"rendered":"<p>Wie verl\u00e4uft eine Bowtech-Anwendung ? Anamnesegespr\u00e4ch Zur Dokumentation des Gesamtzustandes f\u00fchre ich zu Beginn ein Anamnesegespr\u00e4ch mit jedem Klienten. Dabei definiert jeder selbst mit eignen Worten, wie er seinen Zustand einsch\u00e4tzt. Dies bildet die Ausgangslage, an der der Klient im sp\u00e4teren Verlauf\u00a0 \u00c4nderungen seines Wohlbefindens messen und selbst feststellen kann. Anwendung Nun beginnen wir auf &hellip; <a href=\"https:\/\/www.bowtech-praxis-bamberg.de\/?page_id=122\" class=\"more-link\"><span class=\"screen-reader-text\">Die Anwendung<\/span> weiterlesen<\/a><\/p>\n","protected":false},"author":2,"featured_media":0,"parent":0,"menu_order":0,"comment_status":"closed","ping_status":"closed","template":"","meta":[],"_links":{"self":[{"href":"https:\/\/www.bowtech-praxis-bamberg.de\/index.php?rest_route=\/wp\/v2\/pages\/122"}],"collection":[{"href":"https:\/\/www.bowtech-praxis-bamberg.de\/index.php?rest_route=\/wp\/v2\/pages"}],"about":[{"href":"https:\/\/www.bowtech-praxis-bamberg.de\/index.php?rest_route=\/wp\/v2\/types\/page"}],"author":[{"embeddable":true,"href":"https:\/\/www.bowtech-praxis-bamberg.de\/index.php?rest_route=\/wp\/v2\/users\/2"}],"replies":[{"embeddable":true,"href":"https:\/\/www.bowtech-praxis-bamberg.de\/index.php?rest_route=%2Fwp%2Fv2%2Fcomments&post=122"}],"version-history":[{"count":2,"href":"https:\/\/www.bowtech-praxis-bamberg.de\/index.php?rest_route=\/wp\/v2\/pages\/122\/revisions"}],"predecessor-version":[{"id":231,"href":"https:\/\/www.bowtech-praxis-bamberg.de\/index.php?rest_route=\/wp\/v2\/pages\/122\/revisions\/231"}],"wp:attachment":[{"href":"https:\/\/www.bowtech-praxis-bamberg.de\/index.php?rest_route=%2Fwp%2Fv2%2Fmedia&parent=122"}],"curies":[{"name":"wp","href":"https:\/\/api.w.org\/{rel}","templated":true}]}}