{"id":10,"date":"2015-04-20T18:21:11","date_gmt":"2015-04-20T16:21:11","guid":{"rendered":"http:\/\/www.bowtech-praxis-bamberg.de\/?page_id=10"},"modified":"2015-04-20T18:21:11","modified_gmt":"2015-04-20T16:21:11","slug":"was-kann-bowtech","status":"publish","type":"page","link":"https:\/\/www.bowtech-praxis-bamberg.de\/?page_id=10","title":{"rendered":"Was kann Bowtech?"},"content":{"rendered":"<h5><strong>\u00a0Sinnvoller Einsatz von BOWTECH<\/strong><\/h5>\n<p>Da jeder menschliche K\u00f6rper \u00fcber ein gro\u00dfes Potential an eigenen Kr\u00e4ften verf\u00fcgt, ist BOWTECH von der Geburt bis ins hohe Alter sowie unabh\u00e4ngig der Grundkonstitution eines Klienten nahezu uneingeschr\u00e4nkt anwendbar. Mit BOWTECH kann der k\u00f6rperausgleichende Prozess gef\u00f6rdert und beschleunigt werden. Die positive Wirkung erstreckt sich aber nicht nur auf die k\u00f6rperliche, sondern auch auf die emotionale, kognitive und geistige Ebene des Klienten.<br \/>\nDie Technik unterst\u00fctzt dar\u00fcber hinaus hervorragend die Linderung von Schmerzsymptomatiken und tr\u00e4gt zur Steigerung des allgemeinen Wohlbefindens in jeder Lebenslage bei. Sie dient bei regelm\u00e4\u00dfigen Anwendungen der Gesundheitsvorsorge und Gesunderhaltung und kann in besonderen Lebensumst\u00e4nden, wie zum Beispiel einer Schwangerschaft oder bei Sportlern als gro\u00dfartige Unterst\u00fctzung zur Leistungserhaltung und \u2013steigerung beitragen.<\/p>\n<p>Eine kleine \u00dcbersicht soll an dieser Stelle zumindest eine Idee vermitteln, in welchen Bereichen BOWTECH erfolgreich unterst\u00fctzend eingesetzt werden kann.<\/p>\n<p class=\"Text12\"><b>1. Bewegungsapparat<\/b><\/p>\n<p class=\"Text12\">Wirbels\u00e4ule, Nacken, Kreuzbein<br \/>\nSchulter, Arm, Ellenbogen, Hand<br \/>\nBecken, Oberschenkel, Knie, Fu\u00df<\/p>\n<p class=\"Text12\"><b>2. Organe<\/b><\/p>\n<p class=\"Ueberschrift2\">Magen, Darm, Niere, Leber, Galle<br \/>\nalle weiteren Bauchorgane<br \/>\nHaut<br \/>\nAtemwege<\/p>\n<p class=\"Ueberschrift2\"><b>3. Herz und Kreislauf<\/b><\/p>\n<p class=\"Text12\"><b>4. Stress- und Spannungszust\u00e4nde<\/b><\/p>\n<p class=\"Text12\">Oft wird auch die Psyche aufgrund der entspannenden Impulse positiv beeinflusst. Im Vergleich zu vielen anderen Entspannungsmethoden, betont BOWTECH insbesondere <b> die F\u00e4higkeit des K\u00f6rpers, sich selbst wieder in Balance zu bringen<\/b>.<br \/>\nDas hei\u00dft: nicht der Anwender, sondern der eigene K\u00f6rper r\u00fccken in den Fokus.<\/p>\n","protected":false},"excerpt":{"rendered":"<p>\u00a0Sinnvoller Einsatz von BOWTECH Da jeder menschliche K\u00f6rper \u00fcber ein gro\u00dfes Potential an eigenen Kr\u00e4ften verf\u00fcgt, ist BOWTECH von der Geburt bis ins hohe Alter sowie unabh\u00e4ngig der Grundkonstitution eines Klienten nahezu uneingeschr\u00e4nkt anwendbar. Mit BOWTECH kann der k\u00f6rperausgleichende Prozess gef\u00f6rdert und beschleunigt werden. Die positive Wirkung erstreckt sich aber nicht nur auf die k\u00f6rperliche, &hellip; <a href=\"https:\/\/www.bowtech-praxis-bamberg.de\/?page_id=10\" class=\"more-link\"><span class=\"screen-reader-text\">Was kann Bowtech?<\/span> weiterlesen<\/a><\/p>\n","protected":false},"author":2,"featured_media":0,"parent":0,"menu_order":0,"comment_status":"closed","ping_status":"open","template":"","meta":[],"_links":{"self":[{"href":"https:\/\/www.bowtech-praxis-bamberg.de\/index.php?rest_route=\/wp\/v2\/pages\/10"}],"collection":[{"href":"https:\/\/www.bowtech-praxis-bamberg.de\/index.php?rest_route=\/wp\/v2\/pages"}],"about":[{"href":"https:\/\/www.bowtech-praxis-bamberg.de\/index.php?rest_route=\/wp\/v2\/types\/page"}],"author":[{"embeddable":true,"href":"https:\/\/www.bowtech-praxis-bamberg.de\/index.php?rest_route=\/wp\/v2\/users\/2"}],"replies":[{"embeddable":true,"href":"https:\/\/www.bowtech-praxis-bamberg.de\/index.php?rest_route=%2Fwp%2Fv2%2Fcomments&post=10"}],"version-history":[{"count":0,"href":"https:\/\/www.bowtech-praxis-bamberg.de\/index.php?rest_route=\/wp\/v2\/pages\/10\/revisions"}],"wp:attachment":[{"href":"https:\/\/www.bowtech-praxis-bamberg.de\/index.php?rest_route=%2Fwp%2Fv2%2Fmedia&parent=10"}],"curies":[{"name":"wp","href":"https:\/\/api.w.org\/{rel}","templated":true}]}}